{"id":7888,"date":"2023-09-25T12:18:52","date_gmt":"2023-09-25T12:18:52","guid":{"rendered":"https:\/\/erlabogados.es\/?page_id=7888"},"modified":"2023-12-15T08:41:02","modified_gmt":"2023-12-15T08:41:02","slug":"aviso-legal","status":"publish","type":"page","link":"https:\/\/erlabogados.es\/en\/aviso-legal\/","title":{"rendered":"Legal warning"},"content":{"rendered":"<div data-elementor-type=\"wp-page\" data-elementor-id=\"7888\" class=\"elementor elementor-7888\">\n\t\t\t\t\t\t\t\t\t<section class=\"elementor-section elementor-top-section elementor-element elementor-element-04752fb elementor-section-boxed elementor-section-height-default elementor-section-height-default\" data-id=\"04752fb\" data-element_type=\"section\">\n\t\t\t\t\t\t<div class=\"elementor-container elementor-column-gap-default\">\n\t\t\t\t\t<div class=\"elementor-column elementor-col-100 elementor-top-column elementor-element elementor-element-3f915b1\" data-id=\"3f915b1\" data-element_type=\"column\">\n\t\t\t<div class=\"elementor-widget-wrap elementor-element-populated\">\n\t\t\t\t\t\t\t\t<div class=\"elementor-element elementor-element-8581e9f elementor-widget elementor-widget-decisio-title\" data-id=\"8581e9f\" data-element_type=\"widget\" data-widget_type=\"decisio-title.default\">\n\t\t\t\t<div class=\"elementor-widget-container\">\n\t\t\t\t\t<div class=\"title-boxs\">\r\n\t\t\t<div class=\"title-box\">\r\n\t\t\t\t\t\t\t\t<span class=\"small-title\">Legal warning<\/span>\r\n\t\t\t\t\t\t\t\t\t\t\t\t\t\t\t<\/div>\r\n\t\t<\/div>\r\n\t\t\t\t<\/div>\n\t\t\t\t<\/div>\n\t\t\t\t<div class=\"elementor-element elementor-element-c52875d elementor-widget elementor-widget-text-editor\" data-id=\"c52875d\" data-element_type=\"widget\" data-widget_type=\"text-editor.default\">\n\t\t\t\t<div class=\"elementor-widget-container\">\n\t\t\t<style>\/*! elementor - v3.16.0 - 14-09-2023 *\/\n.elementor-widget-text-editor.elementor-drop-cap-view-stacked .elementor-drop-cap{background-color:#69727d;color:#fff}.elementor-widget-text-editor.elementor-drop-cap-view-framed .elementor-drop-cap{color:#69727d;border:3px solid;background-color:transparent}.elementor-widget-text-editor:not(.elementor-drop-cap-view-default) .elementor-drop-cap{margin-top:8px}.elementor-widget-text-editor:not(.elementor-drop-cap-view-default) .elementor-drop-cap-letter{width:1em;height:1em}.elementor-widget-text-editor .elementor-drop-cap{float:left;text-align:center;line-height:1;font-size:50px}.elementor-widget-text-editor .elementor-drop-cap-letter{display:inline-block}<\/style>\t\t\t\t<p>In accordance with the provisions of Law 34\/2002 on Information Society Services and Electronic Commerce, it is reported that Rubio L\u00f3pez &amp; Asociados is the entity that owns this website whose main domain name is www.erlabogados.es, and informs you, in addition to:<\/p><p><strong>OWNERSHIP<\/strong><\/p><p>Company name: Rubio L\u00f3pez &amp; Asociados<br \/>Identificaci\u00f3n fiscal CIF: B98178114<br \/>Registered Office:  C\/ Col\u00f3n n\u00ba 42, pta. 11, 46004 Valencia.<br \/>Phone:  (+34) 96 351 56 47<br \/>Email: erlabogados@erlabogados.es<br \/>Web: https:\/\/www.erlabogados.es<\/p><p><strong>OWNERSHIP AND LIABILITY<\/strong><\/p><p>All rights reserved.<\/p><p>This website is property of Rubio L\u00f3pez &amp; Asociados. Its total or partial reproduction is prohibited without the express authorization of the owner and the owners of the reproduction rights and brands. The reproduction, copy, use, distribution, public marketing or any other activity that may be carried out with the information contained in these web pages and that is carried out without express authorization from the owner, S.L. and\/or the owners of the rights and brands, is an infraction punishable by current legislation. The names and logos displayed on these pages are trademarks and registered rights. All access to this Website is subject to the following conditions: the reproduction, permanent storage and dissemination of the contents or any other use for public or commercial purposes is expressly prohibited without the express prior written consent of the Owner.<\/p><p>The Owner rejects all responsibility arising from the misuse of the content displayed on these pages and reserves the right to update, delete, establish limitations or restrict access at any time, temporarily or permanently. The Owner rejects any responsibilities that may arise from any information not contained in these web pages. Specifically, it rejects responsibility for the information contained in third-party web pages connected by links to the web pages owned by the owner. Nor is it responsible for possible security errors that may occur due to the use of computers infected with computer viruses or for the consequences that may arise from the malfunction of the browser or from the use of non-updated versions of it. The information and services included or available through this website may include inaccuracies or typographical errors. The Owner periodically incorporates improvements and\/or changes to the information contained and\/or the Services that it may introduce at any time. The Owner does not represent or guarantee that the services or contents will be interrupted or free of errors, that defects will be corrected, or that the service or the server that makes it available are free of viruses or other harmful components, without prejudice to the fact that The Owner makes every effort to avoid this type of incident. Owner declines any responsibility in the event of interruptions or malfunctions of the Services or content offered on the Internet, whatever the cause. Likewise, the Owner is not responsible for network outages, business losses as a result of said outages, temporary suspensions of electricity or any other type of indirect damage that may be caused to you by causes beyond the control of the Owner. Before making decisions and\/or actions based on the information included on the Website, the Owner recommends checking and contrasting the information received with other sources.<\/p><p><strong>PURPOSE<\/strong><\/p><p>The purpose of this website is the publication of goods and services by the Owner for sale or contracting online, as well as other general information about the entity and its activity.<\/p><p><strong>CONTACT<\/strong><\/p><p>If you have any questions about these Legal Conditions or want to make any comments about this Website, you can contact us through any of the contact methods provided.<\/p><p><strong>APPLICABLE LAW AND JURISDICTION<\/strong><\/p><p>These general conditions are governed by Spanish legislation. For any dispute that may arise related to the website or the activity carried out on it, the Courts of VALENCIA will be competent, with the user expressly waiving any other jurisdiction that may apply.<\/p>\t\t\t\t\t\t<\/div>\n\t\t\t\t<\/div>\n\t\t\t\t\t<\/div>\n\t\t<\/div>\n\t\t\t\t\t\t\t<\/div>\n\t\t<\/section>\n\t\t\t\t\t\t\t<\/div>","protected":false},"excerpt":{"rendered":"<p>Aviso legal De acuerdo a lo establecido en la Ley 34\/2002 de Servicios de la Sociedad de la Informaci\u00f3n y de Comercio Electr\u00f3nico se informa que Rubio L\u00f3pez &amp; Asociados es la entidad titular de este sitio web cuyo nombre de dominio principal es www.erlabogados.es, y le informa, adem\u00e1s de: TITULARIDAD Nombre de la empresa: [&hellip;]<\/p>","protected":false},"author":1,"featured_media":0,"parent":0,"menu_order":0,"comment_status":"closed","ping_status":"closed","template":"blank-template.php","meta":{"om_disable_all_campaigns":false,"_monsterinsights_skip_tracking":false,"_monsterinsights_sitenote_active":false,"_monsterinsights_sitenote_note":"","_monsterinsights_sitenote_category":0,"footnotes":""},"class_list":["post-7888","page","type-page","status-publish","hentry"],"aioseo_notices":[],"_links":{"self":[{"href":"https:\/\/erlabogados.es\/en\/wp-json\/wp\/v2\/pages\/7888","targetHints":{"allow":["GET"]}}],"collection":[{"href":"https:\/\/erlabogados.es\/en\/wp-json\/wp\/v2\/pages"}],"about":[{"href":"https:\/\/erlabogados.es\/en\/wp-json\/wp\/v2\/types\/page"}],"author":[{"embeddable":true,"href":"https:\/\/erlabogados.es\/en\/wp-json\/wp\/v2\/users\/1"}],"replies":[{"embeddable":true,"href":"https:\/\/erlabogados.es\/en\/wp-json\/wp\/v2\/comments?post=7888"}],"version-history":[{"count":85,"href":"https:\/\/erlabogados.es\/en\/wp-json\/wp\/v2\/pages\/7888\/revisions"}],"predecessor-version":[{"id":8769,"href":"https:\/\/erlabogados.es\/en\/wp-json\/wp\/v2\/pages\/7888\/revisions\/8769"}],"wp:attachment":[{"href":"https:\/\/erlabogados.es\/en\/wp-json\/wp\/v2\/media?parent=7888"}],"curies":[{"name":"wp","href":"https:\/\/api.w.org\/{rel}","templated":true}]}}