{"id":7903,"date":"2023-09-26T07:31:11","date_gmt":"2023-09-26T07:31:11","guid":{"rendered":"https:\/\/erlabogados.es\/?page_id=7903"},"modified":"2023-12-15T08:43:44","modified_gmt":"2023-12-15T08:43:44","slug":"politica-de-privacidad","status":"publish","type":"page","link":"https:\/\/erlabogados.es\/en\/politica-de-privacidad\/","title":{"rendered":"Privacy Policy"},"content":{"rendered":"<div data-elementor-type=\"wp-page\" data-elementor-id=\"7903\" class=\"elementor elementor-7903\">\n\t\t\t\t\t\t\t\t\t<section class=\"elementor-section elementor-top-section elementor-element elementor-element-04752fb elementor-section-boxed elementor-section-height-default elementor-section-height-default\" data-id=\"04752fb\" data-element_type=\"section\">\n\t\t\t\t\t\t<div class=\"elementor-container elementor-column-gap-default\">\n\t\t\t\t\t<div class=\"elementor-column elementor-col-100 elementor-top-column elementor-element elementor-element-3f915b1\" data-id=\"3f915b1\" data-element_type=\"column\">\n\t\t\t<div class=\"elementor-widget-wrap elementor-element-populated\">\n\t\t\t\t\t\t\t\t<div class=\"elementor-element elementor-element-8581e9f elementor-widget elementor-widget-decisio-title\" data-id=\"8581e9f\" data-element_type=\"widget\" data-widget_type=\"decisio-title.default\">\n\t\t\t\t<div class=\"elementor-widget-container\">\n\t\t\t\t\t<div class=\"title-boxs\">\r\n\t\t\t<div class=\"title-box\">\r\n\t\t\t\t\t\t\t\t<span class=\"small-title\">Privacy Policy<\/span>\r\n\t\t\t\t\t\t\t\t\t\t\t\t\t\t\t<\/div>\r\n\t\t<\/div>\r\n\t\t\t\t<\/div>\n\t\t\t\t<\/div>\n\t\t\t\t<div class=\"elementor-element elementor-element-c52875d elementor-widget elementor-widget-text-editor\" data-id=\"c52875d\" data-element_type=\"widget\" data-widget_type=\"text-editor.default\">\n\t\t\t\t<div class=\"elementor-widget-container\">\n\t\t\t<style>\/*! elementor - v3.16.0 - 14-09-2023 *\/\n.elementor-widget-text-editor.elementor-drop-cap-view-stacked .elementor-drop-cap{background-color:#69727d;color:#fff}.elementor-widget-text-editor.elementor-drop-cap-view-framed .elementor-drop-cap{color:#69727d;border:3px solid;background-color:transparent}.elementor-widget-text-editor:not(.elementor-drop-cap-view-default) .elementor-drop-cap{margin-top:8px}.elementor-widget-text-editor:not(.elementor-drop-cap-view-default) .elementor-drop-cap-letter{width:1em;height:1em}.elementor-widget-text-editor .elementor-drop-cap{float:left;text-align:center;line-height:1;font-size:50px}.elementor-widget-text-editor .elementor-drop-cap-letter{display:inline-block}<\/style>\t\t\t\t<p style=\"text-align: justify;\">Rubio L\u00f3pez &amp; Asociados informs you on this page about its Privacy Policy regarding the treatment and protection of personal data of users and clients that may be collected during navigation, when purchasing a product or contracting a service through this website.<\/p><p style=\"text-align: left;\">In this sense, Rubio L\u00f3pez &amp; Asociados complies with Regulation (EU) 2016\/679 of the European Parliament and of the Council of April 27, 2016 regarding the protection of natural persons (RGPD) and guarantees compliance with current regulations. regarding the protection of personal data, reflected in Organic Law 3\/2018, of December 5, on the Protection of Personal Data and Guarantee of Digital Rights (LOPD GDD).<\/p><p style=\"text-align: justify;\">The use of the website implies acceptance of this Privacy Policy as well as the conditions included in the Legal Notice.<\/p><p><strong>DATA OF THE TREATMENT CONTROLLER<\/strong><\/p><ul><li>Identity: Rubio L\u00f3pez &amp; Asociados (CIF: B98178114)<\/li><li>Physical address: C\/ Col\u00f3n n\u00ba 42, pta. 11, 46004 Valencia.<\/li><li>Email: erlabogados@erlabogados.es<\/li><li>Phone:  (+34) 96 351 56 47<\/li><\/ul><p style=\"text-align: justify;\"><b><strong>PURPOSE OF DATA PROCESSING<\/strong><\/b><\/p><p style=\"text-align: left;\">The main purpose of the processing will be to manage customer data for the purposes of managing orders and budgets for the technological products and services that we offer, billing, incidents, customer service through consultation service and after-sales service for support and management of incidents and quality of service.<\/p><p style=\"text-align: justify;\">Furthermore, you expressly allow by transferring your data that we may contact you by any means of contact provided with the aim of carrying out commercial or informative communications. When you subscribe to our guide, or place an order or query, you provide us with your email, postal address and\/or telephone number and you are expressly authorizing us to send you advertising related to our products and services by any means ( postal, email or telephone) and invite them to events organized by the company<\/p><p style=\"text-align: justify;\"><b><strong>DATA CONSERVATION PERIOD<\/strong><\/b><\/p><p style=\"text-align: left;\">The data will be kept under the applicable legislation in commercial law. You can exercise your right of cancellation, rectification or deletion at any time.<\/p><p style=\"text-align: justify;\"><b><strong>LEGITIMATION IN THE PROCESSING OF DATA<\/strong><\/b><\/p><p style=\"text-align: justify;\">Legal basis: Execution of a (commercial) contract<br \/>Legal obligation (Royal Legislative Decree 1\/2007, of November 16 and other complementary regulations, Commercial Code)<\/p><p style=\"text-align: justify;\"><b><strong>RECIPIENTS OF THE DATA<\/strong><\/b><\/p><p style=\"text-align: justify;\">Assignee(s): Tax Administration, Banking Entities, Public Administration with jurisdiction in the matter, Collaborating companies<\/p><p style=\"text-align: justify;\"><b><strong>EXERCISE OF RIGHTS<\/strong><\/b><\/p><p style=\"text-align: justify;\">Access, rectification, opposition, deletion, automated decisions, limitation, portability<\/p><p style=\"text-align: justify;\">Response time: 1 month<\/p><p style=\"text-align: justify;\">You can exercise your rights through the following means: Email to erlabogados@erlabogados.es, providing documentation that proves the identity of the applicant (copy of the front of the National Identity Document, or equivalent)<\/p><p style=\"text-align: justify;\">In any case, you can request protection from the Spanish Data Protection Agency through its website<\/p><p style=\"text-align: left;\"><b><strong>CHANGES TO THIS PRIVACY POLICY<\/strong><\/b><\/p><p style=\"text-align: justify;\">We reserve the right to modify this policy to adapt it to legislative or jurisprudential developments, as well as industry practices. In these cases, the changes introduced will be published on this page.<\/p><table><tbody><tr><td colspan=\"2\" width=\"621\"><b>Summary table about data privacy<\/b><\/td><\/tr><tr><td colspan=\"2\" width=\"621\"><strong><br \/>Data of the Controller<\/strong><\/td><\/tr><tr><td width=\"177\">Identity<\/td><td width=\"444\">Rubio L\u00f3pez &amp; Asociados (CIF: B98178114)<\/td><\/tr><tr><td width=\"177\">Physical address<\/td><td width=\"444\">C\/ Col\u00f3n n\u00ba 42, pta. 11, 46004 Valencia.<\/td><\/tr><tr><td width=\"177\">Email<\/td><td width=\"444\">erlabogados@erlabogados.es<\/td><\/tr><tr><td width=\"177\">Phone<\/td><td width=\"444\">(+34) 96 351 56 47<\/td><\/tr><tr><td colspan=\"2\" width=\"621\"><strong><br \/>Finalidad en el tratamiento de sus datos<\/strong><\/td><\/tr><tr><td width=\"177\">Main<\/td><td width=\"444\">Manage customer data for the purposes of managing orders and budgets for the technological products and services that we offer, billing, incidents, customer service through consultation service and after-sales service for support and management of incidents and quality of service.<\/td><\/tr><tr><td width=\"177\">Conservation periods<\/td><td width=\"444\">The data will be kept under the applicable legislation in commercial law.<\/td><\/tr><tr><td colspan=\"2\" width=\"621\"><strong><br \/>Legitimation in the processing of your data<\/strong><\/td><\/tr><tr><td width=\"177\">Legal base<\/td><td width=\"444\"><p>Execution of a contract (commercial)<\/p><p>Legal obligation (Royal Legislative Decree 1\/2007, of November 16 and other complementary regulations, Commercial Code)<\/p><\/td><\/tr><tr><td colspan=\"2\" width=\"621\"><strong><br \/>Recipients of your data<\/strong><\/td><\/tr><tr><td width=\"177\">Assignee(s)<\/td><td width=\"444\"><p>Tax Administration, Banking Entities, Public Administration with jurisdiction in the matter<\/p><p>Collaborating companies<\/p><\/td><\/tr><tr><td colspan=\"2\" width=\"621\"><strong><br \/>Exercise of rights<\/strong><\/td><\/tr><tr><td width=\"177\"><p>Access, rectification, opposition, deletion, automated decisions, limitation, portability<\/p><p>Response time: 1 month<\/p><\/td><td width=\"444\"><p>You can exercise your rights through the following means:<\/p><p>Email to erlabogados@erlabogados.es, providing documentation that proves the identity of the applicant (copy of the front of the National Identity Document, or equivalent)<\/p><p>In any case, you can request protection from the Spanish Data Protection Agency through its website<\/p><\/td><\/tr><\/tbody><\/table>\t\t\t\t\t\t<\/div>\n\t\t\t\t<\/div>\n\t\t\t\t\t<\/div>\n\t\t<\/div>\n\t\t\t\t\t\t\t<\/div>\n\t\t<\/section>\n\t\t\t\t\t\t\t<\/div>","protected":false},"excerpt":{"rendered":"<p>Pol\u00edtica de privacidad Rubio L\u00f3pez &amp; Asociados le informa en esta p\u00e1gina sobre su Pol\u00edtica de Privacidad respecto del tratamiento y protecci\u00f3n de los datos de car\u00e1cter personal de los usuarios y clientes que puedan ser recabados durante la navegaci\u00f3n, al comprar un producto o contratar un servicio a trav\u00e9s de este sitio Web. En [&hellip;]<\/p>","protected":false},"author":1,"featured_media":0,"parent":0,"menu_order":0,"comment_status":"closed","ping_status":"closed","template":"blank-template.php","meta":{"om_disable_all_campaigns":false,"_monsterinsights_skip_tracking":false,"_monsterinsights_sitenote_active":false,"_monsterinsights_sitenote_note":"","_monsterinsights_sitenote_category":0,"footnotes":""},"class_list":["post-7903","page","type-page","status-publish","hentry"],"aioseo_notices":[],"_links":{"self":[{"href":"https:\/\/erlabogados.es\/en\/wp-json\/wp\/v2\/pages\/7903","targetHints":{"allow":["GET"]}}],"collection":[{"href":"https:\/\/erlabogados.es\/en\/wp-json\/wp\/v2\/pages"}],"about":[{"href":"https:\/\/erlabogados.es\/en\/wp-json\/wp\/v2\/types\/page"}],"author":[{"embeddable":true,"href":"https:\/\/erlabogados.es\/en\/wp-json\/wp\/v2\/users\/1"}],"replies":[{"embeddable":true,"href":"https:\/\/erlabogados.es\/en\/wp-json\/wp\/v2\/comments?post=7903"}],"version-history":[{"count":22,"href":"https:\/\/erlabogados.es\/en\/wp-json\/wp\/v2\/pages\/7903\/revisions"}],"predecessor-version":[{"id":8772,"href":"https:\/\/erlabogados.es\/en\/wp-json\/wp\/v2\/pages\/7903\/revisions\/8772"}],"wp:attachment":[{"href":"https:\/\/erlabogados.es\/en\/wp-json\/wp\/v2\/media?parent=7903"}],"curies":[{"name":"wp","href":"https:\/\/api.w.org\/{rel}","templated":true}]}}