{"id":8133,"date":"2023-10-05T12:41:13","date_gmt":"2023-10-05T12:41:13","guid":{"rendered":"https:\/\/erlabogados.es\/?page_id=8133"},"modified":"2023-12-13T13:01:05","modified_gmt":"2023-12-13T13:01:05","slug":"servicios","status":"publish","type":"page","link":"https:\/\/erlabogados.es\/en\/servicios\/","title":{"rendered":"Services"},"content":{"rendered":"<div data-elementor-type=\"wp-page\" data-elementor-id=\"8133\" class=\"elementor elementor-8133\">\n\t\t\t\t\t\t\t\t\t<section class=\"elementor-section elementor-top-section elementor-element elementor-element-d1ae30f elementor-section-boxed elementor-section-height-default elementor-section-height-default\" data-id=\"d1ae30f\" data-element_type=\"section\">\n\t\t\t\t\t\t<div class=\"elementor-container elementor-column-gap-default\">\n\t\t\t\t\t<div class=\"elementor-column elementor-col-100 elementor-top-column elementor-element elementor-element-daaa2d2\" data-id=\"daaa2d2\" data-element_type=\"column\">\n\t\t\t<div class=\"elementor-widget-wrap elementor-element-populated\">\n\t\t\t\t\t\t\t\t<div class=\"elementor-element elementor-element-db8445a elementor-widget elementor-widget-decisio-title\" data-id=\"db8445a\" data-element_type=\"widget\" data-widget_type=\"decisio-title.default\">\n\t\t\t\t<div class=\"elementor-widget-container\">\n\t\t\t\t\t<div class=\"title-boxs\">\r\n\t\t\t<div class=\"title-box\">\r\n\t\t\t\t\t\t\t\t<span class=\"small-title\">Our services<\/span>\r\n\t\t\t\t\t\t\t\t\t\t\t\t\t<h2 class=\"title-hadding\"><span><p>We are a committed team that solves your legal challenges and understands business law as a space in which judgment and innovation come together to make your objectives possible.<\/p>\n<\/span><\/h2>\r\n\t\t\t\t\t\t\t\t\t\t\t<\/div>\r\n\t\t<\/div>\r\n\t\t\t\t<\/div>\n\t\t\t\t<\/div>\n\t\t\t\t<section class=\"elementor-section elementor-inner-section elementor-element elementor-element-15fe002 elementor-section-boxed elementor-section-height-default elementor-section-height-default\" data-id=\"15fe002\" data-element_type=\"section\">\n\t\t\t\t\t\t<div class=\"elementor-container elementor-column-gap-default\">\n\t\t\t\t\t<div class=\"elementor-column elementor-col-33 elementor-inner-column elementor-element elementor-element-6b253b4\" data-id=\"6b253b4\" data-element_type=\"column\">\n\t\t\t<div class=\"elementor-widget-wrap elementor-element-populated\">\n\t\t\t\t\t\t\t\t<div class=\"elementor-element elementor-element-b515979 ekit-equal-height-disable elementor-widget elementor-widget-elementskit-image-box\" data-id=\"b515979\" data-element_type=\"widget\" data-widget_type=\"elementskit-image-box.default\">\n\t\t\t\t<div class=\"elementor-widget-container\">\n\t\t\t<div class=\"ekit-wid-con\" >\n            <div class=\"elementskit-info-image-box ekit-image-box text-center simple-card\" >\n\n                \n                <div class=\"elementskit-box-header image-box-img-center\">\n\n                    <img loading=\"lazy\" decoding=\"async\" width=\"620\" height=\"642\" src=\"https:\/\/erlabogados.es\/wp-content\/uploads\/2023\/11\/erlabogados-p2c.jpg\" class=\"attachment-full size-full wp-image-8567\" alt=\"\" srcset=\"https:\/\/erlabogados.es\/wp-content\/uploads\/2023\/11\/erlabogados-p2c.jpg 620w, https:\/\/erlabogados.es\/wp-content\/uploads\/2023\/11\/erlabogados-p2c-290x300.jpg 290w, https:\/\/erlabogados.es\/wp-content\/uploads\/2023\/11\/erlabogados-p2c-12x12.jpg 12w\" sizes=\"auto, (max-width: 620px) 100vw, 620px\" \/>\n                <\/div>\n                \n                <div class=\"elementskit-box-body ekit-image-box-body\">\n                    <div class=\"elementskit-box-content ekit-image-box-body-inner\">\n                                                <h3 class=\"elementskit-info-box-title\">\n\n                        Fiscal Advice\n                        \n                    <\/h3>\n                                                            <div class=\"elementskit-box-style-content\">\n                        We advise both international business groups, Spanish companies and individuals on all their tax obligations.                    <\/div>\n                                    <\/div>\n\n                            <\/div>\n            <\/div>\n    <\/div>\t\t<\/div>\n\t\t\t\t<\/div>\n\t\t\t\t\t<\/div>\n\t\t<\/div>\n\t\t\t\t<div class=\"elementor-column elementor-col-33 elementor-inner-column elementor-element elementor-element-45f9573\" data-id=\"45f9573\" data-element_type=\"column\">\n\t\t\t<div class=\"elementor-widget-wrap elementor-element-populated\">\n\t\t\t\t\t\t\t\t<div class=\"elementor-element elementor-element-8169475 ekit-equal-height-disable elementor-widget elementor-widget-elementskit-image-box\" data-id=\"8169475\" data-element_type=\"widget\" data-widget_type=\"elementskit-image-box.default\">\n\t\t\t\t<div class=\"elementor-widget-container\">\n\t\t\t<div class=\"ekit-wid-con\" >\n            <div class=\"elementskit-info-image-box ekit-image-box text-center simple-card\" >\n\n                \n                <div class=\"elementskit-box-header image-box-img-center\">\n\n                    <img loading=\"lazy\" decoding=\"async\" width=\"620\" height=\"642\" src=\"https:\/\/erlabogados.es\/wp-content\/uploads\/2023\/11\/erlabogados-p2b.jpg\" class=\"attachment-full size-full wp-image-8560\" alt=\"\" srcset=\"https:\/\/erlabogados.es\/wp-content\/uploads\/2023\/11\/erlabogados-p2b.jpg 620w, https:\/\/erlabogados.es\/wp-content\/uploads\/2023\/11\/erlabogados-p2b-290x300.jpg 290w, https:\/\/erlabogados.es\/wp-content\/uploads\/2023\/11\/erlabogados-p2b-12x12.jpg 12w\" sizes=\"auto, (max-width: 620px) 100vw, 620px\" \/>\n                <\/div>\n                \n                <div class=\"elementskit-box-body ekit-image-box-body\">\n                    <div class=\"elementskit-box-content ekit-image-box-body-inner\">\n                                                <h3 class=\"elementskit-info-box-title\">\n\n                        Commercial Advice\n                        \n                    <\/h3>\n                                                            <div class=\"elementskit-box-style-content\">\n                        Advice, negotiation and drafting of all types of commercial contracts related to the ordinary activity of the Companies.                    <\/div>\n                                    <\/div>\n\n                            <\/div>\n            <\/div>\n    <\/div>\t\t<\/div>\n\t\t\t\t<\/div>\n\t\t\t\t\t<\/div>\n\t\t<\/div>\n\t\t\t\t<div class=\"elementor-column elementor-col-33 elementor-inner-column elementor-element elementor-element-5eeae64\" data-id=\"5eeae64\" data-element_type=\"column\">\n\t\t\t<div class=\"elementor-widget-wrap elementor-element-populated\">\n\t\t\t\t\t\t\t\t<div class=\"elementor-element elementor-element-52e335e ekit-equal-height-disable elementor-widget elementor-widget-elementskit-image-box\" data-id=\"52e335e\" data-element_type=\"widget\" data-widget_type=\"elementskit-image-box.default\">\n\t\t\t\t<div class=\"elementor-widget-container\">\n\t\t\t<div class=\"ekit-wid-con\" >\n            <div class=\"elementskit-info-image-box ekit-image-box text-center simple-card\" >\n\n                \n                <div class=\"elementskit-box-header image-box-img-center\">\n\n                    <img loading=\"lazy\" decoding=\"async\" width=\"620\" height=\"642\" src=\"https:\/\/erlabogados.es\/wp-content\/uploads\/2023\/11\/erlabogados-p2.jpg\" class=\"attachment-full size-full wp-image-8550\" alt=\"\" srcset=\"https:\/\/erlabogados.es\/wp-content\/uploads\/2023\/11\/erlabogados-p2.jpg 620w, https:\/\/erlabogados.es\/wp-content\/uploads\/2023\/11\/erlabogados-p2-290x300.jpg 290w, https:\/\/erlabogados.es\/wp-content\/uploads\/2023\/11\/erlabogados-p2-12x12.jpg 12w\" sizes=\"auto, (max-width: 620px) 100vw, 620px\" \/>\n                <\/div>\n                \n                <div class=\"elementskit-box-body ekit-image-box-body\">\n                    <div class=\"elementskit-box-content ekit-image-box-body-inner\">\n                                                <h3 class=\"elementskit-info-box-title\">\n\n                        Civil Procedure\n                        \n                    <\/h3>\n                                                            <div class=\"elementskit-box-style-content\">\n                        Derecho procesal y Arbitraje con un equipo de profesionales con s\u00f3lidos conocimientos t\u00e9cnicos y amplia experiencia en todo tipo de asuntos.                    <\/div>\n                                    <\/div>\n\n                            <\/div>\n            <\/div>\n    <\/div>\t\t<\/div>\n\t\t\t\t<\/div>\n\t\t\t\t\t<\/div>\n\t\t<\/div>\n\t\t\t\t\t\t\t<\/div>\n\t\t<\/section>\n\t\t\t\t<div class=\"elementor-element elementor-element-e30a57b elementor-tabs-alignment-stretch elementor-tabs-view-horizontal elementor-widget elementor-widget-tabs\" data-id=\"e30a57b\" data-element_type=\"widget\" data-widget_type=\"tabs.default\">\n\t\t\t\t<div class=\"elementor-widget-container\">\n\t\t\t<style>\/*! elementor - v3.16.0 - 14-09-2023 *\/\n.elementor-widget-tabs.elementor-tabs-view-vertical .elementor-tabs-wrapper{width:25%;flex-shrink:0}.elementor-widget-tabs.elementor-tabs-view-vertical .elementor-tab-desktop-title.elementor-active{border-right-style:none}.elementor-widget-tabs.elementor-tabs-view-vertical .elementor-tab-desktop-title.elementor-active:after,.elementor-widget-tabs.elementor-tabs-view-vertical .elementor-tab-desktop-title.elementor-active:before{height:999em;width:0;right:0;border-right-style:solid}.elementor-widget-tabs.elementor-tabs-view-vertical .elementor-tab-desktop-title.elementor-active:before{top:0;transform:translateY(-100%)}.elementor-widget-tabs.elementor-tabs-view-vertical .elementor-tab-desktop-title.elementor-active:after{top:100%}.elementor-widget-tabs.elementor-tabs-view-horizontal .elementor-tab-desktop-title{display:table-cell}.elementor-widget-tabs.elementor-tabs-view-horizontal .elementor-tab-desktop-title.elementor-active{border-bottom-style:none}.elementor-widget-tabs.elementor-tabs-view-horizontal .elementor-tab-desktop-title.elementor-active:after,.elementor-widget-tabs.elementor-tabs-view-horizontal .elementor-tab-desktop-title.elementor-active:before{bottom:0;height:0;width:999em;border-bottom-style:solid}.elementor-widget-tabs.elementor-tabs-view-horizontal .elementor-tab-desktop-title.elementor-active:before{right:100%}.elementor-widget-tabs.elementor-tabs-view-horizontal .elementor-tab-desktop-title.elementor-active:after{left:100%}.elementor-widget-tabs .elementor-tab-content,.elementor-widget-tabs .elementor-tab-title,.elementor-widget-tabs .elementor-tab-title:after,.elementor-widget-tabs .elementor-tab-title:before,.elementor-widget-tabs .elementor-tabs-content-wrapper{border:1px #d5d8dc}.elementor-widget-tabs .elementor-tabs{text-align:left}.elementor-widget-tabs .elementor-tabs-wrapper{overflow:hidden}.elementor-widget-tabs .elementor-tab-title{cursor:pointer;outline:var(--focus-outline,none)}.elementor-widget-tabs .elementor-tab-desktop-title{position:relative;padding:20px 25px;font-weight:700;line-height:1;border:solid transparent}.elementor-widget-tabs .elementor-tab-desktop-title.elementor-active{border-color:#d5d8dc}.elementor-widget-tabs .elementor-tab-desktop-title.elementor-active:after,.elementor-widget-tabs .elementor-tab-desktop-title.elementor-active:before{display:block;content:\"\";position:absolute}.elementor-widget-tabs .elementor-tab-desktop-title:focus-visible{border:1px solid #000}.elementor-widget-tabs .elementor-tab-mobile-title{padding:10px;cursor:pointer}.elementor-widget-tabs .elementor-tab-content{padding:20px;display:none}@media (max-width:767px){.elementor-tabs .elementor-tab-content,.elementor-tabs .elementor-tab-title{border-style:solid solid none}.elementor-tabs .elementor-tabs-wrapper{display:none}.elementor-tabs .elementor-tabs-content-wrapper{border-bottom-style:solid}.elementor-tabs .elementor-tab-content{padding:10px}}@media (min-width:768px){.elementor-widget-tabs.elementor-tabs-view-vertical .elementor-tabs{display:flex}.elementor-widget-tabs.elementor-tabs-view-vertical .elementor-tabs-wrapper{flex-direction:column}.elementor-widget-tabs.elementor-tabs-view-vertical .elementor-tabs-content-wrapper{flex-grow:1;border-style:solid solid solid none}.elementor-widget-tabs.elementor-tabs-view-horizontal .elementor-tab-content{border-style:none solid solid}.elementor-widget-tabs.elementor-tabs-alignment-center .elementor-tabs-wrapper,.elementor-widget-tabs.elementor-tabs-alignment-end .elementor-tabs-wrapper,.elementor-widget-tabs.elementor-tabs-alignment-stretch .elementor-tabs-wrapper{display:flex}.elementor-widget-tabs.elementor-tabs-alignment-center .elementor-tabs-wrapper{justify-content:center}.elementor-widget-tabs.elementor-tabs-alignment-end .elementor-tabs-wrapper{justify-content:flex-end}.elementor-widget-tabs.elementor-tabs-alignment-stretch.elementor-tabs-view-horizontal .elementor-tab-title{width:100%}.elementor-widget-tabs.elementor-tabs-alignment-stretch.elementor-tabs-view-vertical .elementor-tab-title{height:100%}.elementor-tabs .elementor-tab-mobile-title{display:none}}<\/style>\t\t<div class=\"elementor-tabs\">\n\t\t\t<div class=\"elementor-tabs-wrapper\" role=\"tablist\" >\n\t\t\t\t\t\t\t\t\t<div id=\"elementor-tab-title-2381\" class=\"elementor-tab-title elementor-tab-desktop-title\" aria-selected=\"true\" data-tab=\"1\" role=\"tab\" tabindex=\"0\" aria-controls=\"elementor-tab-content-2381\" aria-expanded=\"false\">Fiscal Advice<\/div>\n\t\t\t\t\t\t\t\t\t<div id=\"elementor-tab-title-2382\" class=\"elementor-tab-title elementor-tab-desktop-title\" aria-selected=\"false\" data-tab=\"2\" role=\"tab\" tabindex=\"-1\" aria-controls=\"elementor-tab-content-2382\" aria-expanded=\"false\">Commercial Advice<\/div>\n\t\t\t\t\t\t\t\t\t<div id=\"elementor-tab-title-2383\" class=\"elementor-tab-title elementor-tab-desktop-title\" aria-selected=\"false\" data-tab=\"3\" role=\"tab\" tabindex=\"-1\" aria-controls=\"elementor-tab-content-2383\" aria-expanded=\"false\">Civil Procedure<\/div>\n\t\t\t\t\t\t\t<\/div>\n\t\t\t<div class=\"elementor-tabs-content-wrapper\" role=\"tablist\" aria-orientation=\"vertical\">\n\t\t\t\t\t\t\t\t\t<div class=\"elementor-tab-title elementor-tab-mobile-title\" aria-selected=\"true\" data-tab=\"1\" role=\"tab\" tabindex=\"0\" aria-controls=\"elementor-tab-content-2381\" aria-expanded=\"false\">Fiscal Advice<\/div>\n\t\t\t\t\t<div id=\"elementor-tab-content-2381\" class=\"elementor-tab-content elementor-clearfix\" data-tab=\"1\" role=\"tabpanel\" aria-labelledby=\"elementor-tab-title-2381\" tabindex=\"0\" hidden=\"false\"><p style=\"text-align: justify;\">Tax advice has always been, since the beginning of our firm, one of our specialties. Thanks to our team, we advise both international business groups, Spanish companies and individuals on all their tax obligations.\nOur services cover all taxpayer needs. We are in charge of tax planning for corporate operations, assistance in tax inspections, preparation and presentation of resources, as well as the presentation of tax models.<\/p>\n<p style=\"text-align: left;\">For this we have a team of professionals made up of economists and lawyers who are experts in Tax Law. All of them also have a long professional career in tax legal advice, as well as specialized qualifications in tax advice.<\/p><\/div>\n\t\t\t\t\t\t\t\t\t<div class=\"elementor-tab-title elementor-tab-mobile-title\" aria-selected=\"false\" data-tab=\"2\" role=\"tab\" tabindex=\"-1\" aria-controls=\"elementor-tab-content-2382\" aria-expanded=\"false\">Commercial Advice<\/div>\n\t\t\t\t\t<div id=\"elementor-tab-content-2382\" class=\"elementor-tab-content elementor-clearfix\" data-tab=\"2\" role=\"tabpanel\" aria-labelledby=\"elementor-tab-title-2382\" tabindex=\"0\" hidden=\"hidden\"><p><strong>Corporate law:<\/strong><br \/>\u2022 Constitution of all types of commercial companies. <br \/>\u2022 Ordinary legal advice to the governing bodies of companies, including the drafting and management of corporate documentation, the making of calls for meetings of the General Meeting and Boards of Directors, as well as, where appropriate, the management of the Secretariat of the Board of Directors or appointment as Legal Advisor. <br \/>\u2022 Legal advice to shareholders\/minority partners of commercial companies, as well as, where appropriate, exercise of their political rights through their representation at General Meetings. <br \/><br \/><strong>Ordinary commercial contracting:<\/strong> <br \/>Advice, negotiation and drafting of all types of commercial contracts related to the ordinary activity of the Companies. <br \/>Operaciones corporativas societarias y contractuales: <br \/>\u2022 Asesoramiento, negociaci\u00f3n y redacci\u00f3n de todo tipo de acuerdos, tanto societarios como contractuales, relativos a la reorganizaci\u00f3n de grupos de sociedades, as\u00ed como a modificaciones estructurales (fusi\u00f3n, escisi\u00f3n, segregaci\u00f3n, transformaci\u00f3n, cesi\u00f3n global de activos y pasivos); <br \/>\u2022 Asesoramiento, negociaci\u00f3n y redacci\u00f3n de los siguientes tipos de acuerdos: Acuerdos parasociales o extraestatutarios entre accionistas\/socios; Joint Venture; Contratos de compraventa de todo tipo de sociedades mercantiles, as\u00ed como de activos, unidades productivas aut\u00f3nomas; MBO, LBO; Acuerdos generales de inversi\u00f3n en sociedades mercantiles; Contratos de pr\u00e9stamo participativo. <br \/>\u2022 Realizaci\u00f3n de Informes de Due Diligence en materia jur\u00eddico-mercantil. <br \/><br \/><strong>Empresa familiar:<\/strong> <br \/>Asesoramiento jur\u00eddico-mercantil especialmente dirigido a grupos empresariales (o sociedades) familiares, entre otros, en los siguientes aspectos: <br \/>\u2022 Elaboraci\u00f3n y negociaci\u00f3n de protocolos familiares <br \/>\u2022 Participaci\u00f3n, como asesores externos, en Juntas y\/o Consejos de Familia<\/p><\/div>\n\t\t\t\t\t\t\t\t\t<div class=\"elementor-tab-title elementor-tab-mobile-title\" aria-selected=\"false\" data-tab=\"3\" role=\"tab\" tabindex=\"-1\" aria-controls=\"elementor-tab-content-2383\" aria-expanded=\"false\">Civil Procedure<\/div>\n\t\t\t\t\t<div id=\"elementor-tab-content-2383\" class=\"elementor-tab-content elementor-clearfix\" data-tab=\"3\" role=\"tabpanel\" aria-labelledby=\"elementor-tab-title-2383\" tabindex=\"0\" hidden=\"hidden\"><p>Nuestra pr\u00e1ctica de Derecho procesal y Arbitraje cuenta con un equipo de profesionales con s\u00f3lidos conocimientos t\u00e9cnicos y amplia experiencia en todo tipo de asuntos, lo que nos permite dise\u00f1ar siempre la estrategia jur\u00eddicamente m\u00e1s conveniente y econ\u00f3micamente m\u00e1s eficiente para el cliente al margen de la mayor o menor complejidad del encargo y del sector empresarial en el que \u00e9ste se desarrolla.<\/p><\/div>\n\t\t\t\t\t\t\t<\/div>\n\t\t<\/div>\n\t\t\t\t<\/div>\n\t\t\t\t<\/div>\n\t\t\t\t\t<\/div>\n\t\t<\/div>\n\t\t\t\t\t\t\t<\/div>\n\t\t<\/section>\n\t\t\t\t<section class=\"elementor-section elementor-top-section elementor-element elementor-element-d1b3055 elementor-section-stretched elementor-section-boxed elementor-section-height-default elementor-section-height-default\" data-id=\"d1b3055\" data-element_type=\"section\" data-settings=\"{&quot;stretch_section&quot;:&quot;section-stretched&quot;,&quot;background_background&quot;:&quot;classic&quot;}\">\n\t\t\t\t\t\t\t<div class=\"elementor-background-overlay\"><\/div>\n\t\t\t\t\t\t\t<div class=\"elementor-container elementor-column-gap-default\">\n\t\t\t\t\t<div class=\"elementor-column elementor-col-100 elementor-top-column elementor-element elementor-element-9870ab3\" data-id=\"9870ab3\" data-element_type=\"column\">\n\t\t\t<div class=\"elementor-widget-wrap elementor-element-populated\">\n\t\t\t\t\t\t\t\t<section class=\"elementor-section elementor-inner-section elementor-element elementor-element-e5ee835 elementor-section-boxed elementor-section-height-default elementor-section-height-default\" data-id=\"e5ee835\" data-element_type=\"section\">\n\t\t\t\t\t\t<div class=\"elementor-container elementor-column-gap-default\">\n\t\t\t\t\t<div class=\"elementor-column elementor-col-33 elementor-inner-column elementor-element elementor-element-50c8905\" data-id=\"50c8905\" data-element_type=\"column\">\n\t\t\t<div class=\"elementor-widget-wrap elementor-element-populated\">\n\t\t\t\t\t\t\t\t<div class=\"elementor-element elementor-element-505375c elementor-widget elementor-widget-elementskit-piechart\" data-id=\"505375c\" data-element_type=\"widget\" data-widget_type=\"elementskit-piechart.default\">\n\t\t\t\t<div class=\"elementor-widget-container\">\n\t\t\t<div class=\"ekit-wid-con\" >        <div class=\"ekit-single-piechart withcontent\">\n\n            \n            <div class=\"colorful-chart piechart\" data-color=\"#2C8B2D\" data-size=\"150\" data-linewidth=\"5\" data-percent=\"90\">\n\n                \n                    <span class=\"ekit-chart-content\">90&#37;<\/span>\n\n                \n                \n                \n\n\n            <\/div>\n                         <h2 class=\"ekit-piechart-title\">Fiscal Advice<\/h2>\n                    <\/div>\n    <\/div>\t\t<\/div>\n\t\t\t\t<\/div>\n\t\t\t\t\t<\/div>\n\t\t<\/div>\n\t\t\t\t<div class=\"elementor-column elementor-col-33 elementor-inner-column elementor-element elementor-element-c942439\" data-id=\"c942439\" data-element_type=\"column\">\n\t\t\t<div class=\"elementor-widget-wrap elementor-element-populated\">\n\t\t\t\t\t\t\t\t<div class=\"elementor-element elementor-element-ade6506 elementor-widget elementor-widget-elementskit-piechart\" data-id=\"ade6506\" data-element_type=\"widget\" data-widget_type=\"elementskit-piechart.default\">\n\t\t\t\t<div class=\"elementor-widget-container\">\n\t\t\t<div class=\"ekit-wid-con\" >        <div class=\"ekit-single-piechart withcontent\">\n\n            \n            <div class=\"colorful-chart piechart\" data-color=\"#2C8B2D\" data-size=\"150\" data-linewidth=\"5\" data-percent=\"90\">\n\n                \n                    <span class=\"ekit-chart-content\">90&#37;<\/span>\n\n                \n                \n                \n\n\n            <\/div>\n                         <h2 class=\"ekit-piechart-title\">Commercial Advice<\/h2>\n                    <\/div>\n    <\/div>\t\t<\/div>\n\t\t\t\t<\/div>\n\t\t\t\t\t<\/div>\n\t\t<\/div>\n\t\t\t\t<div class=\"elementor-column elementor-col-33 elementor-inner-column elementor-element elementor-element-ad0d079\" data-id=\"ad0d079\" data-element_type=\"column\">\n\t\t\t<div class=\"elementor-widget-wrap elementor-element-populated\">\n\t\t\t\t\t\t\t\t<div class=\"elementor-element elementor-element-6c7b12d elementor-widget elementor-widget-elementskit-piechart\" data-id=\"6c7b12d\" data-element_type=\"widget\" data-widget_type=\"elementskit-piechart.default\">\n\t\t\t\t<div class=\"elementor-widget-container\">\n\t\t\t<div class=\"ekit-wid-con\" >        <div class=\"ekit-single-piechart withcontent\">\n\n            \n            <div class=\"colorful-chart piechart\" data-color=\"#2C8B2D\" data-size=\"150\" data-linewidth=\"5\" data-percent=\"90\">\n\n                \n                    <span class=\"ekit-chart-content\">90&#37;<\/span>\n\n                \n                \n                \n\n\n            <\/div>\n                         <h2 class=\"ekit-piechart-title\">Civil Procedure<\/h2>\n                    <\/div>\n    <\/div>\t\t<\/div>\n\t\t\t\t<\/div>\n\t\t\t\t\t<\/div>\n\t\t<\/div>\n\t\t\t\t\t\t\t<\/div>\n\t\t<\/section>\n\t\t\t\t\t<\/div>\n\t\t<\/div>\n\t\t\t\t\t\t\t<\/div>\n\t\t<\/section>\n\t\t\t\t<section class=\"elementor-section elementor-top-section elementor-element elementor-element-bba9357 elementor-section-boxed elementor-section-height-default elementor-section-height-default\" data-id=\"bba9357\" data-element_type=\"section\">\n\t\t\t\t\t\t<div class=\"elementor-container elementor-column-gap-default\">\n\t\t\t\t\t<div class=\"elementor-column elementor-col-100 elementor-top-column elementor-element elementor-element-890f8c8\" data-id=\"890f8c8\" data-element_type=\"column\">\n\t\t\t<div class=\"elementor-widget-wrap\">\n\t\t\t\t\t\t\t\t\t<\/div>\n\t\t<\/div>\n\t\t\t\t\t\t\t<\/div>\n\t\t<\/section>\n\t\t\t\t\t\t\t<\/div>","protected":false},"excerpt":{"rendered":"<p>Nuestros servicios Somos un equipo comprometido que soluciona tus retos legales y entiende la abogac\u00eda de los negocios como un espacio en el que el criterio y la innovaci\u00f3n se unen para hacer posibles tus objetivos. Asesoramiento Fiscal Asesoramos tanto a grupos de empresas de \u00e1mbito internacional, como a sociedades espa\u00f1olas y a particulares en [&hellip;]<\/p>","protected":false},"author":1,"featured_media":0,"parent":0,"menu_order":0,"comment_status":"closed","ping_status":"closed","template":"blank-template.php","meta":{"om_disable_all_campaigns":false,"_monsterinsights_skip_tracking":false,"_monsterinsights_sitenote_active":false,"_monsterinsights_sitenote_note":"","_monsterinsights_sitenote_category":0,"footnotes":""},"class_list":["post-8133","page","type-page","status-publish","hentry"],"aioseo_notices":[],"_links":{"self":[{"href":"https:\/\/erlabogados.es\/en\/wp-json\/wp\/v2\/pages\/8133","targetHints":{"allow":["GET"]}}],"collection":[{"href":"https:\/\/erlabogados.es\/en\/wp-json\/wp\/v2\/pages"}],"about":[{"href":"https:\/\/erlabogados.es\/en\/wp-json\/wp\/v2\/types\/page"}],"author":[{"embeddable":true,"href":"https:\/\/erlabogados.es\/en\/wp-json\/wp\/v2\/users\/1"}],"replies":[{"embeddable":true,"href":"https:\/\/erlabogados.es\/en\/wp-json\/wp\/v2\/comments?post=8133"}],"version-history":[{"count":94,"href":"https:\/\/erlabogados.es\/en\/wp-json\/wp\/v2\/pages\/8133\/revisions"}],"predecessor-version":[{"id":8744,"href":"https:\/\/erlabogados.es\/en\/wp-json\/wp\/v2\/pages\/8133\/revisions\/8744"}],"wp:attachment":[{"href":"https:\/\/erlabogados.es\/en\/wp-json\/wp\/v2\/media?parent=8133"}],"curies":[{"name":"wp","href":"https:\/\/api.w.org\/{rel}","templated":true}]}}